{"id":933,"date":"2021-07-12T11:20:32","date_gmt":"2021-07-12T04:20:32","guid":{"rendered":"https:\/\/nn.ntt.edu.vn\/doanh-nghiep-copy\/"},"modified":"2026-03-01T01:01:29","modified_gmt":"2026-02-28T18:01:29","slug":"dao-tao","status":"publish","type":"page","link":"https:\/\/nn.ntt.edu.vn\/dao-tao\/","title":{"rendered":"\u0110\u00e0o t\u1ea1o"},"content":{"rendered":"\t<section class=\"section pb-0\" id=\"section_638189536\">\n\t\t<div class=\"bg section-bg fill bg-fill  \" >\n\n\t\t\t\n\t\t\t\n\t\t\t\n\n\t\t<\/div>\n\n\t\t<div class=\"section-content relative\">\n\t\t\t\n<div class=\"row align-equal align-center\"  id=\"row-213738193\">\n\n\t<div id=\"col-668439423\" class=\"col pb-0 medium-12 small-12 large-12\"  >\n\t\t\t\t<div class=\"col-inner\"  >\n\t\t\t\n\t\t\t\n\t<div class=\"ux-menu stack stack-col justify-start nav-breadcrumbs hidden\">\n\t\t\n\t<\/div>\n\t\n\t<div id=\"text-262207650\" class=\"text mh-title-box\">\n\t\t\n<h4 class=\"uppercase alt-font\"><strong>Chuy\u00ean ng\u00e0nh \u0111\u00e0o t\u1ea1o<\/strong><\/h4>\n<p class=\"uppercase alt-font\">\u00a0<\/p>\n\t\t\n<style>\n#text-262207650 {\n  color: #ca0109;\n}\n#text-262207650 > * {\n  color: #ca0109;\n}\n<\/style>\n\t<\/div>\n\t\n\t\t<\/div>\n\t\t\t\t\n<style>\n#col-668439423 > .col-inner {\n  padding: 0px 0px 30px 0px;\n}\n@media (min-width:850px) {\n  #col-668439423 > .col-inner {\n    padding: 0px 0px 50px 0px;\n  }\n}\n<\/style>\n\t<\/div>\n\n\t\n<\/div>\n<div class=\"row align-equal mh-carousel slider-nav-outside slider\"  id=\"row-452463941\">\n\n\t<div id=\"col-189707747\" class=\"col medium-6 small-12 large-6\"  >\n\t\t\t\t<div class=\"col-inner\" style=\"background-color:rgb(255, 255, 255);\" >\n\t\t\t\n\t<div class=\"is-border\"\n\t\tstyle=\"border-color:rgb(0, 82, 156);border-width:0px 0px 5px 0px;\">\n\t<\/div>\n\t\t\t\n\n\t<a class=\"plain\" href=\"#\"  >\t<div class=\"icon-box featured-box mh-icon-training icon-box-center text-center\"  >\n\t\t\t\t<div class=\"icon-box-text last-reset\">\n\t\t\t<h5 class=\"uppercase\">Ng\u00e0nh Ng\u00f4n ng\u1eef Anh<\/h5>\t\t\t\t\t\t\n\t<div id=\"text-815912460\" class=\"text\">\n\t\t\n<p style=\"text-align: center;\">(H\u1ec6 \u0110\u1ea0I H\u1eccC)<\/p>\n<p>Ch\u01b0\u01a1ng tr\u00ecnh \u0111\u00e0o t\u1ea1o \u0111\u1ea1t chu\u1ea9n qu\u1ed1c t\u1ebf AUN-QA, Ng\u00e0nh ch\u00fa tr\u1ecdng ph\u00e1t tri\u1ec3n vi\u1ec7c to\u00e0n di\u1ec7n 4 k\u1ef9 n\u0103ng ng\u00f4n ng\u1eef, k\u1ebft h\u1ee3p ki\u1ebfn th\u1ee9c v\u0103n h\u00f3a v\u00e0 k\u1ef9 n\u0103ng ngh\u1ec1 nghi\u1ec7p, nh\u1eb1m \u0111\u00e1p \u1ee9ng nhu c\u1ea7u nh\u00e2n l\u1ef1c trong m\u00f4i tr\u01b0\u1eddng qu\u1ed1c t\u1ebf.<\/p>\n<p>\u00a0<\/p>\n\t\t\n<style>\n#text-815912460 {\n  text-align: left;\n}\n<\/style>\n\t<\/div>\n\t\n\t\t<\/div>\n\t<\/div>\n\t<\/a>\n\t\n<a data-animate=\"bounceInUp\" href=\"https:\/\/tuyensinh.ntt.edu.vn\/nganh-hoc\/ngon-ngu-anh\/65\" target=\"_self\" class=\"button primary expand\"  style=\"border-radius:99px;\">\n    <span>B\u1ea5m Xem ph\u01b0\u01a1ng th\u1ee9c x\u00e9t  tuy\u1ec3n<\/span>\n  <\/a>\n\n\t\t<\/div>\n\t\t\t\t\n<style>\n#col-189707747 > .col-inner {\n  padding: 30px 20px 30px 20px;\n}\n@media (min-width:550px) {\n  #col-189707747 > .col-inner {\n    padding: 30px 30px 30px 30px;\n  }\n}\n<\/style>\n\t<\/div>\n\n\t\n\n\t<div id=\"col-1948663729\" class=\"col medium-6 small-12 large-6\"  >\n\t\t\t\t<div class=\"col-inner\" style=\"background-color:rgb(255, 255, 255);\" >\n\t\t\t\n\t<div class=\"is-border\"\n\t\tstyle=\"border-color:rgb(0, 82, 156);border-width:0px 0px 5px 0px;\">\n\t<\/div>\n\t\t\t\n\n\t<a class=\"plain\" href=\"#\"  >\t<div class=\"icon-box featured-box mh-icon-training icon-box-center text-center\"  >\n\t\t\t\t<div class=\"icon-box-text last-reset\">\n\t\t\t<h5 class=\"uppercase\">NG\u00d4N NG\u1eee TRUNG QU\u1ed0C<\/h5>\t\t\t\t\t\t\n\t<div id=\"text-489796321\" class=\"text\">\n\t\t\n<p style=\"text-align: center;\">(H\u1ec6 \u0110\u1ea0I H\u1eccC)<\/p>\n<p>V\u1edbi t\u1ef7 l\u1ec7 vi\u1ec7c l\u00e0m sau t\u1ed1t nghi\u1ec7p l\u00e0 100%, ng\u00f4n ng\u1eef Trung Qu\u1ed1c c\u0169ng l\u00e0 m\u1ed9t chi\u1ebfc ch\u00eca kh\u00f3a \u0111a n\u0103ng m\u1edf ra nhi\u1ec1u c\u01a1 h\u1ed9i vi\u1ec7c l\u00e0m v\u00e0 nhi\u1ec1u c\u01a1 h\u1ed9i h\u1ecdc t\u1eadp n\u00e2ng cao\u00a0 trong t\u01b0\u01a1ng lai.<\/p>\n<p>\u00a0<\/p>\n\t\t\n<style>\n#text-489796321 {\n  text-align: left;\n}\n<\/style>\n\t<\/div>\n\t\n\t\t<\/div>\n\t<\/div>\n\t<\/a>\n\t\n<a data-animate=\"bounceInUp\" href=\"https:\/\/tuyensinh.ntt.edu.vn\/nganh-hoc\/ngon-ngu-trung-quoc\/66\" target=\"_self\" class=\"button primary expand\"  style=\"border-radius:99px;\">\n    <span>B\u1ea5m Xem ph\u01b0\u01a1ng th\u1ee9c x\u00e9t  tuy\u1ec3n<\/span>\n  <\/a>\n\n\t\t<\/div>\n\t\t\t\t\n<style>\n#col-1948663729 > .col-inner {\n  padding: 30px 20px 30px 20px;\n}\n@media (min-width:550px) {\n  #col-1948663729 > .col-inner {\n    padding: 30px 30px 30px 30px;\n  }\n}\n<\/style>\n\t<\/div>\n\n\t\n<\/div>\n<div class=\"row align-equal mh-carousel slider-nav-outside slider\"  id=\"row-13120474\">\n\n\t<div id=\"col-757642259\" class=\"col medium-6 small-12 large-6\"  >\n\t\t\t\t<div class=\"col-inner\" style=\"background-color:rgb(255, 255, 255);\" >\n\t\t\t\n\t<div class=\"is-border\"\n\t\tstyle=\"border-color:rgb(0, 82, 156);border-width:0px 0px 5px 0px;\">\n\t<\/div>\n\t\t\t\n\n\t<a class=\"plain\" href=\"#\"  >\t<div class=\"icon-box featured-box mh-icon-training icon-box-center text-center\"  >\n\t\t\t\t<div class=\"icon-box-text last-reset\">\n\t\t\t<h5 class=\"uppercase\">Ng\u00e0nh Ng\u00f4n ng\u1eef Anh<\/h5>\t\t\t\t\t\t\n\t<div id=\"text-2341795373\" class=\"text\">\n\t\t\n<p style=\"text-align: center;\">(H\u1ec6 TH\u1ea0C S\u0128)<\/p>\n<p>Ch\u01b0\u01a1ng tr\u00ecnh \u0111\u00e0o t\u1ea1o chuy\u00ean s\u00e2u v\u1ec1 ng\u00f4n ng\u1eef, gi\u1ea3ng d\u1ea1y v\u00e0 nghi\u00ean c\u1ee9u ti\u1ebfng Anh, gi\u00fap h\u1ecdc vi\u00ean n\u00e2ng cao n\u0103ng l\u1ef1c chuy\u00ean m\u00f4n, ph\u00e1t tri\u1ec3n t\u01b0 duy h\u1ecdc thu\u1eadt v\u00e0 m\u1edf r\u1ed9ng c\u01a1 h\u1ed9i ngh\u1ec1 nghi\u1ec7p trong l\u0129nh v\u1ef1c gi\u00e1o d\u1ee5c, bi\u00ean \u2013 phi\u00ean d\u1ecbch v\u00e0 c\u00e1c m\u00f4i tr\u01b0\u1eddng qu\u1ed1c t\u1ebf.<\/p>\n<p>\u00a0<\/p>\n\t\t\n<style>\n#text-2341795373 {\n  text-align: left;\n}\n<\/style>\n\t<\/div>\n\t\n<a data-animate=\"bounceInUp\" href=\"https:\/\/saudaihoc.ntt.edu.vn\/chuyen-muc\/tuyen-sinh-thac-si\/\" target=\"_self\" class=\"button primary expand\"  style=\"border-radius:99px;\">\n    <span>B\u1ea5m Xem ph\u01b0\u01a1ng th\u1ee9c x\u00e9t  tuy\u1ec3n<\/span>\n  <\/a>\n\n\t\t<\/div>\n\t<\/div>\n\t<\/a>\n\t\n\t\t<\/div>\n\t\t\t\t\n<style>\n#col-757642259 > .col-inner {\n  padding: 30px 20px 30px 20px;\n}\n@media (min-width:550px) {\n  #col-757642259 > .col-inner {\n    padding: 30px 30px 30px 30px;\n  }\n}\n<\/style>\n\t<\/div>\n\n\t\n\n\t<div id=\"col-342219158\" class=\"col medium-6 small-12 large-6\"  >\n\t\t\t\t<div class=\"col-inner\" style=\"background-color:rgb(255, 255, 255);\" >\n\t\t\t\n\t<div class=\"is-border\"\n\t\tstyle=\"border-color:rgb(0, 82, 156);border-width:0px 0px 5px 0px;\">\n\t<\/div>\n\t\t\t\n\n\t<a class=\"plain\" href=\"#\"  >\t<div class=\"icon-box featured-box mh-icon-training icon-box-center text-center\"  >\n\t\t\t\t<div class=\"icon-box-text last-reset\">\n\t\t\t<h5 class=\"uppercase\">Ng\u00e0nh H\u00e0n Qu\u1ed1c h\u1ecdc<\/h5>\t\t\t\t\t\t\n\t<div id=\"text-585840028\" class=\"text\">\n\t\t\n<p style=\"text-align: center;\">(H\u1ec6 \u0110\u1ea0I H\u1eccC)<\/p>\n<p>Thu\u1ed9c ng\u00e0nh \u0110\u00f4ng Ph\u01b0\u01a1ng h\u1ecdc, ng\u00e0nh H\u00e0n Qu\u1ed1c h\u1ecdc h\u01b0\u1edbng \u0111\u1ebfn m\u1ee5c ti\u00eau \u0111\u00e0o t\u1ea1o ng\u01b0\u1eddi h\u1ecdc s\u1eed d\u1ee5ng ti\u1ebfng H\u00e0n th\u00e0nh th\u1ea1o, \u0111\u1ed3ng th\u1eddi am hi\u1ec3u v\u0103n h\u00f3a, kinh t\u1ebf v\u00e0 x\u00e3 h\u1ed9i H\u00e0n Qu\u1ed1c.<\/p>\n<p>\u00a0<\/p>\n\t\t\n<style>\n#text-585840028 {\n  text-align: left;\n}\n<\/style>\n\t<\/div>\n\t\n<a data-animate=\"bounceInUp\" href=\"https:\/\/tuyensinh.ntt.edu.vn\/nganh-hoc\/dong-phuong-hoc\/102\" target=\"_self\" class=\"button primary expand\"  style=\"border-radius:99px;\">\n    <span>B\u1ea5m Xem ph\u01b0\u01a1ng th\u1ee9c x\u00e9t  tuy\u1ec3n<\/span>\n  <\/a>\n\n\t\t<\/div>\n\t<\/div>\n\t<\/a>\n\t\n\t\t<\/div>\n\t\t\t\t\n<style>\n#col-342219158 > .col-inner {\n  padding: 30px 20px 30px 20px;\n}\n@media (min-width:550px) {\n  #col-342219158 > .col-inner {\n    padding: 30px 30px 30px 30px;\n  }\n}\n<\/style>\n\t<\/div>\n\n\t\n<\/div>\n<div class=\"row align-equal mh-carousel slider-nav-outside slider\"  id=\"row-1856433146\">\n\n\t<div id=\"col-192681009\" class=\"col medium-6 small-12 large-6\"  >\n\t\t\t\t<div class=\"col-inner\" style=\"background-color:rgb(255, 255, 255);\" >\n\t\t\t\n\t<div class=\"is-border\"\n\t\tstyle=\"border-color:rgb(0, 82, 156);border-width:0px 0px 5px 0px;\">\n\t<\/div>\n\t\t\t\n\n\t<a class=\"plain\" href=\"#\"  >\t<div class=\"icon-box featured-box mh-icon-training icon-box-center text-center\"  >\n\t\t\t\t<div class=\"icon-box-text last-reset\">\n\t\t\t<h5 class=\"uppercase\">THI\u1ebeT K\u1ebe TH\u1edcI TRANG<\/h5>\t\t\t\t\t\t\n\t<div id=\"text-2143079909\" class=\"text\">\n\t\t\n<p style=\"text-align: center;\">(H\u1ec6 \u0110\u1ea0I H\u1eccC)<\/p>\n<p style=\"text-align: left;\">Ch\u01b0\u01a1ng tr\u00ecnh h\u1ecdc ch\u00fa tr\u1ecdng \u0111\u00e0o t\u1ea1o t\u01b0 duy s\u00e1ng t\u1ea1o v\u00e0 k\u1ef9 n\u0103ng thi\u1ebft k\u1ebf chuy\u00ean nghi\u1ec7p, gi\u00fap sinh vi\u00ean t\u1ef1 tin x\u00e2y d\u1ef1ng b\u1ed9 s\u01b0u t\u1eadp v\u00e0 ph\u00e1t tri\u1ec3n trong ng\u00e0nh c\u00f4ng nghi\u1ec7p th\u1eddi trang hi\u1ec7n \u0111\u1ea1i.<\/p>\n\t\t\n<style>\n#text-2143079909 {\n  text-align: left;\n}\n<\/style>\n\t<\/div>\n\t\n\t\t<\/div>\n\t<\/div>\n\t<\/a>\n\t\n<a data-animate=\"bounceInUp\" href=\"https:\/\/tuyensinh.ntt.edu.vn\/nganh-hoc\/thiet-ke-thoi-trang\/154\" target=\"_self\" class=\"button primary expand\"  style=\"border-radius:99px;\">\n    <span>B\u1ea5m Xem ph\u01b0\u01a1ng th\u1ee9c x\u00e9t  tuy\u1ec3n<\/span>\n  <\/a>\n\n\t\t<\/div>\n\t\t\t\t\n<style>\n#col-192681009 > .col-inner {\n  padding: 30px 20px 30px 20px;\n}\n@media (min-width:550px) {\n  #col-192681009 > .col-inner {\n    padding: 30px 30px 30px 30px;\n  }\n}\n<\/style>\n\t<\/div>\n\n\t\n\n\t<div id=\"col-1490853786\" class=\"col medium-6 small-12 large-6\"  >\n\t\t\t\t<div class=\"col-inner\" style=\"background-color:rgb(255, 255, 255);\" >\n\t\t\t\n\t<div class=\"is-border\"\n\t\tstyle=\"border-color:rgb(0, 82, 156);border-width:0px 0px 5px 0px;\">\n\t<\/div>\n\t\t\t\n\n\t<a class=\"plain\" href=\"#\"  >\t<div class=\"icon-box featured-box mh-icon-training icon-box-center text-center\"  >\n\t\t\t\t<div class=\"icon-box-text last-reset\">\n\t\t\t<h5 class=\"uppercase\">NG\u00c0NH NH\u1eacT B\u1ea2N H\u1eccC<\/h5>\t\t\t\t\t\t\n\t<div id=\"text-4245283687\" class=\"text\">\n\t\t\n<p style=\"text-align: center;\">(H\u1ec6 \u0110\u1ea0I H\u1eccC)<\/p>\n<p>Thu\u1ed9c ng\u00e0nh \u0110\u00f4ng Ph\u01b0\u01a1ng h\u1ecdc, Ng\u00e0nh Nh\u1eadt B\u1ea3n h\u1ecdc cung c\u1ea5p ki\u1ebfn th\u1ee9c chuy\u00ean s\u00e2u v\u1ec1 ng\u00f4n ng\u1eef, v\u0103n h\u00f3a, kinh t\u1ebf v\u00e0 x\u00e3 h\u1ed9i Nh\u1eadt B\u1ea3n, m\u1edf ra c\u01a1 h\u1ed9i l\u00e0m vi\u1ec7c t\u1ea1i c\u00e1c doanh nghi\u1ec7p Nh\u1eadt B\u1ea3n.<\/p>\n\t\t\n<style>\n#text-4245283687 {\n  text-align: left;\n}\n<\/style>\n\t<\/div>\n\t\n\t\t<\/div>\n\t<\/div>\n\t<\/a>\n\t\n<a data-animate=\"bounceInUp\" href=\"https:\/\/tuyensinh.ntt.edu.vn\/nganh-hoc\/dong-phuong-hoc\/102\" target=\"_self\" class=\"button primary expand\"  style=\"border-radius:99px;\">\n    <span>B\u1ea5m Xem ph\u01b0\u01a1ng th\u1ee9c x\u00e9t  tuy\u1ec3n<\/span>\n  <\/a>\n\n\t\t<\/div>\n\t\t\t\t\n<style>\n#col-1490853786 > .col-inner {\n  padding: 30px 20px 30px 20px;\n}\n@media (min-width:550px) {\n  #col-1490853786 > .col-inner {\n    padding: 30px 30px 30px 30px;\n  }\n}\n<\/style>\n\t<\/div>\n\n\t\n<\/div>\n\t<div id=\"gap-757534322\" class=\"gap-element clearfix\" style=\"display:block; height:auto;\">\n\t\t\n<style>\n#gap-757534322 {\n  padding-top: 10px;\n}\n@media (min-width:550px) {\n  #gap-757534322 {\n    padding-top: 25px;\n  }\n}\n@media (min-width:850px) {\n  #gap-757534322 {\n    padding-top: 150px;\n  }\n}\n<\/style>\n\t<\/div>\n\t\n\n\n\t<div id=\"gap-210356825\" class=\"gap-element clearfix hidden\" style=\"display:block; height:auto;\">\n\t\t\n<style>\n#gap-210356825 {\n  padding-top: 50px;\n}\n@media (min-width:550px) {\n  #gap-210356825 {\n    padding-top: 80px;\n  }\n}\n@media (min-width:850px) {\n  #gap-210356825 {\n    padding-top: 200px;\n  }\n}\n<\/style>\n\t<\/div>\n\t\n\t\t<\/div>\n\n\t\t\n<style>\n#section_638189536 {\n  padding-top: 35px;\n  padding-bottom: 35px;\n}\n#section_638189536 .section-bg.bg-loaded {\n  background-image: url(https:\/\/nn.ntt.edu.vn\/wp-content\/uploads\/2021\/07\/bg-chuyen-nganh-dao-tao.png);\n}\n@media (min-width:550px) {\n  #section_638189536 {\n    padding-top: 50px;\n    padding-bottom: 50px;\n  }\n}\n@media (min-width:850px) {\n  #section_638189536 {\n    padding-top: 20px;\n    padding-bottom: 20px;\n  }\n}\n<\/style>\n\t<\/section>\n\t\n","protected":false},"excerpt":{"rendered":"","protected":false},"author":7,"featured_media":0,"parent":0,"menu_order":0,"comment_status":"closed","ping_status":"closed","template":"","meta":{"footnotes":""},"class_list":["post-933","page","type-page","status-publish","hentry"],"_links":{"self":[{"href":"https:\/\/nn.ntt.edu.vn\/en\/wp-json\/wp\/v2\/pages\/933","targetHints":{"allow":["GET"]}}],"collection":[{"href":"https:\/\/nn.ntt.edu.vn\/en\/wp-json\/wp\/v2\/pages"}],"about":[{"href":"https:\/\/nn.ntt.edu.vn\/en\/wp-json\/wp\/v2\/types\/page"}],"author":[{"embeddable":true,"href":"https:\/\/nn.ntt.edu.vn\/en\/wp-json\/wp\/v2\/users\/7"}],"replies":[{"embeddable":true,"href":"https:\/\/nn.ntt.edu.vn\/en\/wp-json\/wp\/v2\/comments?post=933"}],"version-history":[{"count":23,"href":"https:\/\/nn.ntt.edu.vn\/en\/wp-json\/wp\/v2\/pages\/933\/revisions"}],"predecessor-version":[{"id":14016,"href":"https:\/\/nn.ntt.edu.vn\/en\/wp-json\/wp\/v2\/pages\/933\/revisions\/14016"}],"wp:attachment":[{"href":"https:\/\/nn.ntt.edu.vn\/en\/wp-json\/wp\/v2\/media?parent=933"}],"curies":[{"name":"wp","href":"https:\/\/api.w.org\/{rel}","templated":true}]}}