{"id":2013,"date":"2021-08-25T19:00:33","date_gmt":"2021-08-25T12:00:33","guid":{"rendered":"https:\/\/nn.ntt.edu.vn\/?page_id=2013"},"modified":"2025-11-26T16:10:18","modified_gmt":"2025-11-26T09:10:18","slug":"tien-ich-sinh-vien","status":"publish","type":"page","link":"https:\/\/nn.ntt.edu.vn\/tien-ich-sinh-vien\/","title":{"rendered":"Ti\u1ec7n \u00edch sinh vi\u00ean"},"content":{"rendered":"<div class=\"row row-dashed\"  id=\"row-1520114819\">\n\n\t<div id=\"col-740658631\" class=\"col medium-4 small-12 large-4\"  >\n\t\t\t\t<div class=\"col-inner\"  >\n\t\t\t\n\t\t\t\n<a data-animate=\"flipInX\" rel=\"noopener noreferrer\" href=\"https:\/\/phongdaotao.ntt.edu.vn\/sinh-vien-dang-nhap.html\" target=\"_blank\" class=\"button primary is-larger box-shadow-3 box-shadow-1-hover expand\"  style=\"border-radius:73px;\">\n    <span>Qu\u1ea3n L\u00fd H\u1ecdc T\u1eadp<\/span>\n  <\/a>\n\n\t\t<\/div>\n\t\t\t\t\t<\/div>\n\n\t\n\n\t<div id=\"col-2134652399\" class=\"col medium-4 small-12 large-4\"  >\n\t\t\t\t<div class=\"col-inner\"  >\n\t\t\t\n\t\t\t\n<a data-animate=\"flipInX\" rel=\"noopener noreferrer\" href=\"https:\/\/lcms.ntt.edu.vn\/login\/index.php\" target=\"_blank\" class=\"button primary is-larger box-shadow-3 box-shadow-1-hover expand\"  style=\"border-radius:73px;\">\n    <span>E - Learning<\/span>\n  <\/a>\n\n\t\t<\/div>\n\t\t\t\t\t<\/div>\n\n\t\n\n\t<div id=\"col-1856966987\" class=\"col medium-4 small-12 large-4\"  >\n\t\t\t\t<div class=\"col-inner\"  >\n\t\t\t\n\t\t\t\n<a data-animate=\"flipInX\" rel=\"noopener noreferrer\" href=\"https:\/\/ttnn.ntt.edu.vn\/\" target=\"_blank\" class=\"button primary is-larger box-shadow-3 box-shadow-1-hover expand\"  style=\"border-radius:73px;\">\n    <span>Trung t\u00e2m Ngo\u1ea1i Ng\u1eef<\/span>\n  <\/a>\n\n\t\t<\/div>\n\t\t\t\t\t<\/div>\n\n\t\n\n\t<div id=\"col-1798568112\" class=\"col medium-4 small-12 large-4\"  >\n\t\t\t\t<div class=\"col-inner\"  >\n\t\t\t\n\t\t\t\n<a data-animate=\"flipInX\" rel=\"noopener noreferrer\" href=\"http:\/\/elib.ntt.edu.vn\/\" target=\"_blank\" class=\"button primary is-larger box-shadow-3 box-shadow-1-hover expand\"  style=\"border-radius:73px;\">\n    <span>TT Th\u00f4ng TIN TH\u01af VI\u1ec6N<\/span>\n  <\/a>\n\n\t\t<\/div>\n\t\t\t\t\t<\/div>\n\n\t\n\n\t<div id=\"col-696453560\" class=\"col medium-4 small-12 large-4\"  >\n\t\t\t\t<div class=\"col-inner\"  >\n\t\t\t\n\t\t\t\n<a data-animate=\"flipInX\" rel=\"noopener noreferrer\" href=\"https:\/\/ctsv.ntt.edu.vn\/gocsinhvien\/quy-trinh-cong-tac-sinh-vien\/\" target=\"_blank\" class=\"button primary is-larger box-shadow-3 box-shadow-2-hover expand\"  style=\"border-radius:70px;\">\n    <span>C\u00d4NG T\u00c1C SINH VI\u00caN<\/span>\n  <\/a>\n\n\t\t<\/div>\n\t\t\t\t\t<\/div>\n\n\t\n\n\t<div id=\"col-190287015\" class=\"col medium-4 small-12 large-4\"  >\n\t\t\t\t<div class=\"col-inner\"  >\n\t\t\t\n\t\t\t\n<a data-animate=\"flipInX\" rel=\"noopener noreferrer\" href=\"https:\/\/ctsv.ntt.edu.vn\/hoat_dong\/\" target=\"_blank\" class=\"button primary is-larger box-shadow-3 box-shadow-2-hover expand\"  style=\"border-radius:70px;\">\n    <span>Ho\u1ea1t \u0111\u1ed9ng s\u1ef1 ki\u1ec7n<\/span>\n  <\/a>\n\n\t\t<\/div>\n\t\t\t\t\t<\/div>\n\n\t\n\n\t<div id=\"col-1801372331\" class=\"col medium-4 small-12 large-4\"  >\n\t\t\t\t<div class=\"col-inner\"  >\n\t\t\t\n\t\t\t\n<a data-animate=\"flipInX\" rel=\"noopener noreferrer\" href=\"https:\/\/online.nextflipbook.com\/dtnm\/3hsn\/\" target=\"_blank\" class=\"button primary is-larger box-shadow-3 box-shadow-1-hover expand\"  style=\"border-radius:73px;\">\n    <span>S\u1ed4 TAY SINH VI\u00caN<\/span>\n  <\/a>\n\n\t\t<\/div>\n\t\t\t\t\t<\/div>\n\n\t\n\n\t<div id=\"col-1114945656\" class=\"col medium-4 small-12 large-4\"  >\n\t\t\t\t<div class=\"col-inner\"  >\n\t\t\t\n\t\t\t\n<a data-animate=\"flipInX\" rel=\"noopener noreferrer\" href=\"https:\/\/vieclam.ntt.edu.vn\/\" target=\"_blank\" class=\"button primary is-larger box-shadow-3 box-shadow-1-hover expand\"  style=\"border-radius:73px;\">\n    <span>tH\u00d4NG TIN VI\u1ec6C L\u00c0M<\/span>\n  <\/a>\n\n\t\t<\/div>\n\t\t\t\t\t<\/div>\n\n\t\n\n\t<div id=\"col-1085639919\" class=\"col medium-4 small-12 large-4\"  >\n\t\t\t\t<div class=\"col-inner\"  >\n\t\t\t\n\t\t\t\n<a data-animate=\"flipInX\" rel=\"noopener noreferrer\" href=\"https:\/\/hotro.ntt.edu.vn\/\" target=\"_blank\" class=\"button primary is-larger box-shadow-3 box-shadow-1-hover expand\"  style=\"border-radius:73px;\">\n    <span>C\u1ed5ng h\u1ed7 tr\u1ee3  & ti\u1ebfp nh\u1eadn \u00fd ki\u1ebfn Sinh vi\u00ean<\/span>\n  <\/a>\n\n\t\t<\/div>\n\t\t\t\t\t<\/div>\n\n\t\n\n\n<\/div>\n\t<div id=\"gap-127594678\" class=\"gap-element clearfix\" style=\"display:block; height:auto;\">\n\t\t\n<style>\n#gap-127594678 {\n  padding-top: 66px;\n}\n<\/style>\n\t<\/div>\n\t\n","protected":false},"excerpt":{"rendered":"","protected":false},"author":7,"featured_media":0,"parent":0,"menu_order":0,"comment_status":"closed","ping_status":"closed","template":"","meta":{"footnotes":""},"class_list":["post-2013","page","type-page","status-publish","hentry"],"_links":{"self":[{"href":"https:\/\/nn.ntt.edu.vn\/en\/wp-json\/wp\/v2\/pages\/2013","targetHints":{"allow":["GET"]}}],"collection":[{"href":"https:\/\/nn.ntt.edu.vn\/en\/wp-json\/wp\/v2\/pages"}],"about":[{"href":"https:\/\/nn.ntt.edu.vn\/en\/wp-json\/wp\/v2\/types\/page"}],"author":[{"embeddable":true,"href":"https:\/\/nn.ntt.edu.vn\/en\/wp-json\/wp\/v2\/users\/7"}],"replies":[{"embeddable":true,"href":"https:\/\/nn.ntt.edu.vn\/en\/wp-json\/wp\/v2\/comments?post=2013"}],"version-history":[{"count":9,"href":"https:\/\/nn.ntt.edu.vn\/en\/wp-json\/wp\/v2\/pages\/2013\/revisions"}],"predecessor-version":[{"id":13548,"href":"https:\/\/nn.ntt.edu.vn\/en\/wp-json\/wp\/v2\/pages\/2013\/revisions\/13548"}],"wp:attachment":[{"href":"https:\/\/nn.ntt.edu.vn\/en\/wp-json\/wp\/v2\/media?parent=2013"}],"curies":[{"name":"wp","href":"https:\/\/api.w.org\/{rel}","templated":true}]}}