{"id":11934,"date":"2025-07-14T09:44:14","date_gmt":"2025-07-14T02:44:14","guid":{"rendered":"https:\/\/nn.ntt.edu.vn\/?page_id=11934"},"modified":"2025-07-15T07:42:21","modified_gmt":"2025-07-15T00:42:21","slug":"dia-diem-to-chuc","status":"publish","type":"page","link":"https:\/\/nn.ntt.edu.vn\/dia-diem-to-chuc\/","title":{"rendered":"\u0110\u1ecba \u0111i\u1ec3m t\u1ed5 ch\u1ee9c"},"content":{"rendered":"<p><strong>Tr\u01b0\u1eddng \u0110H Nguy\u1ec5n T\u1ea5t Th\u00e0nh \u2013 C\u01a1 s\u1edf Th\u1ee7 \u0110\u1ee9c<\/strong><\/p>\n<p>L\u00f4 E3-1.1-1.3, Khu C\u00f4ng Ngh\u1ec7 Cao, \u0110\u01b0\u1eddng V\u00f5 Ch\u00ed C\u00f4ng, Ph\u01b0\u1eddng T\u0103ng Nh\u01a1n Ph\u00fa, TP.HCM<\/p>\n<p><strong>Google Map: <\/strong><a href=\"https:\/\/maps.app.goo.gl\/F7vTwzNRbX8isaVt7\" target=\"_blank\" rel=\"noopener\">https:\/\/maps.app.goo.gl\/F7vTwzNRbX8isaVt7<\/a><\/p>\n\t<div id=\"gap-276098816\" class=\"gap-element clearfix\" style=\"display:block; height:auto;\">\n\t\t\n<style>\n#gap-276098816 {\n  padding-top: 100px;\n}\n<\/style>\n\t<\/div>\n\t\n<div id='gallery-1' class='gallery galleryid-11934 gallery-columns-3 gallery-size-thumbnail'><figure class='gallery-item'>\n\t\t\t<div class='gallery-icon landscape'>\n\t\t\t\t<a href='https:\/\/nn.ntt.edu.vn\/en\/1-13-2\/'><img loading=\"lazy\" decoding=\"async\" width=\"150\" height=\"150\" src=\"https:\/\/nn.ntt.edu.vn\/wp-content\/uploads\/2025\/07\/1-150x150.jpg\" class=\"attachment-thumbnail size-thumbnail\" alt=\"\" srcset=\"https:\/\/nn.ntt.edu.vn\/wp-content\/uploads\/2025\/07\/1-150x150.jpg 150w, https:\/\/nn.ntt.edu.vn\/wp-content\/uploads\/2025\/07\/1-500x500.jpg 500w\" sizes=\"auto, (max-width: 150px) 100vw, 150px\" \/><\/a>\n\t\t\t<\/div><\/figure><figure class='gallery-item'>\n\t\t\t<div class='gallery-icon landscape'>\n\t\t\t\t<a href='https:\/\/nn.ntt.edu.vn\/en\/3-6-2\/'><img loading=\"lazy\" decoding=\"async\" width=\"150\" height=\"150\" src=\"https:\/\/nn.ntt.edu.vn\/wp-content\/uploads\/2025\/07\/3-150x150.jpg\" class=\"attachment-thumbnail size-thumbnail\" alt=\"\" srcset=\"https:\/\/nn.ntt.edu.vn\/wp-content\/uploads\/2025\/07\/3-150x150.jpg 150w, https:\/\/nn.ntt.edu.vn\/wp-content\/uploads\/2025\/07\/3-500x500.jpg 500w\" sizes=\"auto, (max-width: 150px) 100vw, 150px\" \/><\/a>\n\t\t\t<\/div><\/figure><figure class='gallery-item'>\n\t\t\t<div class='gallery-icon landscape'>\n\t\t\t\t<a href='https:\/\/nn.ntt.edu.vn\/en\/2-5-2\/'><img loading=\"lazy\" decoding=\"async\" width=\"150\" height=\"150\" src=\"https:\/\/nn.ntt.edu.vn\/wp-content\/uploads\/2025\/07\/2-150x150.jpg\" class=\"attachment-thumbnail size-thumbnail\" alt=\"\" srcset=\"https:\/\/nn.ntt.edu.vn\/wp-content\/uploads\/2025\/07\/2-150x150.jpg 150w, https:\/\/nn.ntt.edu.vn\/wp-content\/uploads\/2025\/07\/2-500x500.jpg 500w\" sizes=\"auto, (max-width: 150px) 100vw, 150px\" \/><\/a>\n\t\t\t<\/div><\/figure>\n\t\t<\/div>\n\n","protected":false},"excerpt":{"rendered":"<p>Tr\u01b0\u1eddng \u0110H Nguy\u1ec5n T\u1ea5t Th\u00e0nh \u2013 C\u01a1 s\u1edf Th\u1ee7 \u0110\u1ee9c L\u00f4 E3-1.1-1.3, Khu C\u00f4ng Ngh\u1ec7 Cao, \u0110\u01b0\u1eddng V\u00f5 Ch\u00ed C\u00f4ng, Ph\u01b0\u1eddng T\u0103ng Nh\u01a1n Ph\u00fa, TP.HCM Google Map: https:\/\/maps.app.goo.gl\/F7vTwzNRbX8isaVt7<\/p>\n","protected":false},"author":28,"featured_media":0,"parent":0,"menu_order":0,"comment_status":"closed","ping_status":"closed","template":"","meta":{"footnotes":""},"class_list":["post-11934","page","type-page","status-publish","hentry"],"_links":{"self":[{"href":"https:\/\/nn.ntt.edu.vn\/en\/wp-json\/wp\/v2\/pages\/11934","targetHints":{"allow":["GET"]}}],"collection":[{"href":"https:\/\/nn.ntt.edu.vn\/en\/wp-json\/wp\/v2\/pages"}],"about":[{"href":"https:\/\/nn.ntt.edu.vn\/en\/wp-json\/wp\/v2\/types\/page"}],"author":[{"embeddable":true,"href":"https:\/\/nn.ntt.edu.vn\/en\/wp-json\/wp\/v2\/users\/28"}],"replies":[{"embeddable":true,"href":"https:\/\/nn.ntt.edu.vn\/en\/wp-json\/wp\/v2\/comments?post=11934"}],"version-history":[{"count":7,"href":"https:\/\/nn.ntt.edu.vn\/en\/wp-json\/wp\/v2\/pages\/11934\/revisions"}],"predecessor-version":[{"id":12089,"href":"https:\/\/nn.ntt.edu.vn\/en\/wp-json\/wp\/v2\/pages\/11934\/revisions\/12089"}],"wp:attachment":[{"href":"https:\/\/nn.ntt.edu.vn\/en\/wp-json\/wp\/v2\/media?parent=11934"}],"curies":[{"name":"wp","href":"https:\/\/api.w.org\/{rel}","templated":true}]}}